{"id":48,"date":"2020-04-12T15:45:42","date_gmt":"2020-04-12T13:45:42","guid":{"rendered":"http:\/\/juuksestuudio.ee\/?page_id=48"},"modified":"2026-01-22T11:29:33","modified_gmt":"2026-01-22T09:29:33","slug":"teenused","status":"publish","type":"page","link":"http:\/\/juuksestuudio.ee\/","title":{"rendered":"Teenused"},"content":{"rendered":"\n<figure class=\"wp-block-image size-large\"><img loading=\"lazy\" decoding=\"async\" width=\"1024\" height=\"683\" src=\"http:\/\/juuksestuudio.ee\/wp-content\/uploads\/2020\/08\/O\u0308kosalong_VEEB_Fotod_Kristin_Juurmaa-899-2-1024x683.jpg\" alt=\"\" class=\"wp-image-2540\" srcset=\"http:\/\/juuksestuudio.ee\/wp-content\/uploads\/2020\/08\/O\u0308kosalong_VEEB_Fotod_Kristin_Juurmaa-899-2-1024x683.jpg 1024w, http:\/\/juuksestuudio.ee\/wp-content\/uploads\/2020\/08\/O\u0308kosalong_VEEB_Fotod_Kristin_Juurmaa-899-2-300x200.jpg 300w, http:\/\/juuksestuudio.ee\/wp-content\/uploads\/2020\/08\/O\u0308kosalong_VEEB_Fotod_Kristin_Juurmaa-899-2-768x512.jpg 768w, http:\/\/juuksestuudio.ee\/wp-content\/uploads\/2020\/08\/O\u0308kosalong_VEEB_Fotod_Kristin_Juurmaa-899-2-1536x1024.jpg 1536w, http:\/\/juuksestuudio.ee\/wp-content\/uploads\/2020\/08\/O\u0308kosalong_VEEB_Fotod_Kristin_Juurmaa-899-2-2048x1366.jpg 2048w, http:\/\/juuksestuudio.ee\/wp-content\/uploads\/2020\/08\/O\u0308kosalong_VEEB_Fotod_Kristin_Juurmaa-899-2-416x277.jpg 416w\" sizes=\"auto, (max-width: 1024px) 100vw, 1024px\" \/><figcaption class=\"wp-element-caption\">Fotod: Kristin Juurmaa (<a rel=\"noreferrer noopener\" href=\"http:\/\/www.captureandmove.com\/?fbclid=IwAR21UCQhY2pZsj2nLONbPKArDGJnq2gOnn4nQEglltkj1oaTHQC34Z9RtjE\" target=\"_blank\">www.captureandmove.com<\/a> @captureandmove)<\/figcaption><\/figure>\n\n\n\n<figure class=\"wp-block-table\"><table><tbody><tr><td><strong><em><span style=\"background-color:rgba(0, 0, 0, 0)\" class=\"has-inline-color has-vivid-red-color\">Aastal 2020 t\u00e4itus Juuksestuudiol 20 aastat pakkudes ilu ja heaolu! <br><\/span><br><\/em><\/strong><span style=\"background-color:rgba(0, 0, 0, 0)\" class=\"has-inline-color has-vivid-red-color\"><strong><em>T\u00e4name oma kliente ja kolleege ilusate hetkede eest!<br><br>1. mail 2020 avasime uue hubase salongi<br>Staadioni 67, Tartu<br><br>Pakume Sulle nauditavat salongikogemust!<br>Oled oodatud!<\/em><\/strong><\/span><br><span style=\"background-color:rgba(0, 0, 0, 0)\" class=\"has-inline-color has-vivid-red-color\"><br><\/span><br><strong><span style=\"background-color:rgba(0, 0, 0, 0)\" class=\"has-inline-color has-vivid-red-color\">JUUKSEL\u00d5IKUS<\/span><\/strong><br>Juuksel\u00f5ikus sisaldab juuste pesu, l\u00f5ikust, kuivatust ja viimistlust. <br><br><span style=\"background-color:rgba(0, 0, 0, 0)\" class=\"has-inline-color has-vivid-red-color\"><strong>TERAAPILINE JUUKSEL\u00d5IKUS<br><\/strong><\/span>Teraapilise juuksel\u00f5ikusega l\u00f5igatakse \u00e4ra katkised, l\u00f5henenud juukseotsad. Sobib poolpikkadele ja pikkadele juustele. Kasutatakse kas kuumi k\u00e4\u00e4re, mille tulemusena:<br>-juukseotsad muutuvad regulaarsel l\u00f5ikamisel terveks<br>-peened juuksed muutuvad kohevamaks<br>-lokkis juuksed saavad uue eluj\u00f5u<br>-v\u00e4hendab juuste v\u00e4ljalangemist<br>-juuksed n\u00e4evad v\u00e4lja terved ja hooldatud <br><br><strong><span style=\"background-color:rgba(0, 0, 0, 0)\" class=\"has-inline-color has-vivid-red-color\">JUUSTE PESU<br><\/span><\/strong>Juuste pesu sisaldab vastavalt kliendi peanaha ja juuste seisukorrale valitud \u0161ampooni, palsamit, rahustavat peamassaa\u017ei, juuste kuivatust, viimistlust. <br><strong><br><span style=\"background-color:rgba(0, 0, 0, 0)\" class=\"has-inline-color has-vivid-red-color\">JUUKSEHOOLDUS<br><\/span><\/strong>Juuksehooldus sisaldab peanaha ja juuste anal\u00fc\u00fcsi, maski, massaa\u017ei, juuste kuivatust, viimistlust. <br><strong><br><span style=\"background-color:rgba(0, 0, 0, 0)\" class=\"has-inline-color has-vivid-red-color\">TAIMEDEGA V\u00c4RVIMINE<\/span><\/strong><br>Taimedega v\u00e4rvimine sisaldab eelnevat konsultatsiooni, s\u00fcgavpuhastavat peanaha ja juuste pesu, taimse v\u00e4rvi pealekandmist, maha pesemist, palsamit\/maski, juuste kuivatust, viimistlust. <br><strong><br><span style=\"background-color:rgba(0, 0, 0, 0)\" class=\"has-inline-color has-vivid-red-color\">V\u00c4RVIMINE\/BLONDEERIMINE<br><\/span><\/strong>V\u00e4rvimisel\/blondeerimisel kasutame v\u00f5imalikult ohutuid juuksev\u00e4rve, mille head omadused on:<br>-hoiab peanahka ja juukseid<br>-ei \u00e4rrita hingamisteid<br>-ei tekita salongi ebameeldivat haisu<br><strong><br><span style=\"background-color:rgba(0, 0, 0, 0)\" class=\"has-inline-color has-vivid-red-color\">SOENGUD<br><\/span><\/strong>Sisaldab konsultatsiooni, juuste pesu, erinevaid soengutehnikaid ja viimistlust.<br><br><\/td><\/tr><\/tbody><\/table><\/figure>\n\n\n\n<figure class=\"wp-block-image size-large\"><img loading=\"lazy\" decoding=\"async\" width=\"724\" height=\"1024\" src=\"http:\/\/juuksestuudio.ee\/wp-content\/uploads\/2021\/07\/Green-Textured-Watercolour-General-Greetings-Mothers-Day-Poster-724x1024.jpg\" alt=\"\" class=\"wp-image-7893\" srcset=\"http:\/\/juuksestuudio.ee\/wp-content\/uploads\/2021\/07\/Green-Textured-Watercolour-General-Greetings-Mothers-Day-Poster-724x1024.jpg 724w, http:\/\/juuksestuudio.ee\/wp-content\/uploads\/2021\/07\/Green-Textured-Watercolour-General-Greetings-Mothers-Day-Poster-212x300.jpg 212w, http:\/\/juuksestuudio.ee\/wp-content\/uploads\/2021\/07\/Green-Textured-Watercolour-General-Greetings-Mothers-Day-Poster-768x1086.jpg 768w, http:\/\/juuksestuudio.ee\/wp-content\/uploads\/2021\/07\/Green-Textured-Watercolour-General-Greetings-Mothers-Day-Poster-1086x1536.jpg 1086w, http:\/\/juuksestuudio.ee\/wp-content\/uploads\/2021\/07\/Green-Textured-Watercolour-General-Greetings-Mothers-Day-Poster-1448x2048.jpg 1448w, http:\/\/juuksestuudio.ee\/wp-content\/uploads\/2021\/07\/Green-Textured-Watercolour-General-Greetings-Mothers-Day-Poster-416x588.jpg 416w, http:\/\/juuksestuudio.ee\/wp-content\/uploads\/2021\/07\/Green-Textured-Watercolour-General-Greetings-Mothers-Day-Poster.jpg 1587w\" sizes=\"auto, (max-width: 724px) 100vw, 724px\" \/><\/figure>\n","protected":false},"excerpt":{"rendered":"<p>Aastal 2020 t\u00e4itus Juuksestuudiol 20 aastat pakkudes ilu ja heaolu! T\u00e4name oma kliente ja kolleege ilusate hetkede eest! 1. mail 2020 avasime uue hubase salongiStaadioni 67, Tartu Pakume Sulle nauditavat salongikogemust!Oled oodatud!JUUKSEL\u00d5IKUSJuuksel\u00f5ikus sisaldab juuste pesu, l\u00f5ikust, kuivatust ja viimistlust. TERAAPILINE JUUKSEL\u00d5IKUSTeraapilise juuksel\u00f5ikusega l\u00f5igatakse \u00e4ra katkised, l\u00f5henenud juukseotsad. Sobib poolpikkadele ja pikkadele juustele. Kasutatakse kas kuumi [&hellip;]<\/p>\n","protected":false},"author":1,"featured_media":0,"parent":0,"menu_order":0,"comment_status":"closed","ping_status":"closed","template":"","meta":{"spay_email":"","footnotes":""},"class_list":["post-48","page","type-page","status-publish","hentry"],"_links":{"self":[{"href":"http:\/\/juuksestuudio.ee\/index.php?rest_route=\/wp\/v2\/pages\/48","targetHints":{"allow":["GET"]}}],"collection":[{"href":"http:\/\/juuksestuudio.ee\/index.php?rest_route=\/wp\/v2\/pages"}],"about":[{"href":"http:\/\/juuksestuudio.ee\/index.php?rest_route=\/wp\/v2\/types\/page"}],"author":[{"embeddable":true,"href":"http:\/\/juuksestuudio.ee\/index.php?rest_route=\/wp\/v2\/users\/1"}],"replies":[{"embeddable":true,"href":"http:\/\/juuksestuudio.ee\/index.php?rest_route=%2Fwp%2Fv2%2Fcomments&post=48"}],"version-history":[{"count":45,"href":"http:\/\/juuksestuudio.ee\/index.php?rest_route=\/wp\/v2\/pages\/48\/revisions"}],"predecessor-version":[{"id":25453,"href":"http:\/\/juuksestuudio.ee\/index.php?rest_route=\/wp\/v2\/pages\/48\/revisions\/25453"}],"wp:attachment":[{"href":"http:\/\/juuksestuudio.ee\/index.php?rest_route=%2Fwp%2Fv2%2Fmedia&parent=48"}],"curies":[{"name":"wp","href":"https:\/\/api.w.org\/{rel}","templated":true}]}}